{"id":368,"date":"2015-08-17T13:43:50","date_gmt":"2015-08-17T16:43:50","guid":{"rendered":"http:\/\/www.sincovarsj.org.br\/?page_id=368"},"modified":"2024-09-23T16:41:47","modified_gmt":"2024-09-23T19:41:47","slug":"associe-se","status":"publish","type":"page","link":"https:\/\/www.sincovarsj.org.br\/?page_id=368","title":{"rendered":"Associados"},"content":{"rendered":"<p style=\"text-align: justify;\">Para exigir o trabalho nos feriados autorizados na conven\u00e7\u00e3o coletiva de trabalho 2024\/2025 \u00e9 obrigat\u00f3rio que o estabelecimento integre a rela\u00e7\u00e3o de EMPRESAS ASSOCIADAS ao SINDICATO DO COMERCIO VAREJISTA DE SAO JOSE \u2013 SINCOVAR-SJ. Para tanto, a empresa interessada que estiver quite com as contribui\u00e7\u00f5es devidas ao sindicato patronal, dever\u00e1 solicitar a emiss\u00e3o de Certid\u00e3o de Regularidade Sindical ao SINCOVAR-SJ.<\/p>\n<p style=\"text-align: justify;\">A Certid\u00e3o de Regularidade Sindical pode ser solicitada atrav\u00e9s do e-mail: <strong>sincovarsj@gmail.com<\/strong><\/p>\n<p>Para obter o requerimento de filia\u00e7\u00e3o,<a href=\"http:\/\/www.sincovarsj.org.br\/wp-content\/uploads\/2015\/08\/Requerimento-de-Filia\u00e7\u00e3o_SINCOVAR-SJ.doc\"><strong>CLIQUE AQUI<\/strong><\/a> (doc)<\/p>\n","protected":false},"excerpt":{"rendered":"<p>Para exigir o trabalho nos feriados autorizados na conven\u00e7\u00e3o coletiva de trabalho 2024\/2025 \u00e9 obrigat\u00f3rio que o estabelecimento integre a rela\u00e7\u00e3o de EMPRESAS ASSOCIADAS ao SINDICATO DO COMERCIO VAREJISTA DE SAO JOSE \u2013 SINCOVAR-SJ. Para tanto, a empresa interessada que estiver quite com as contribui\u00e7\u00f5es devidas ao sindicato patronal, dever\u00e1 solicitar a emiss\u00e3o de Certid\u00e3o &#8230;<\/p>\n","protected":false},"author":3,"featured_media":0,"parent":0,"menu_order":0,"comment_status":"open","ping_status":"open","template":"full-width.php","meta":[],"_links":{"self":[{"href":"https:\/\/www.sincovarsj.org.br\/index.php?rest_route=\/wp\/v2\/pages\/368"}],"collection":[{"href":"https:\/\/www.sincovarsj.org.br\/index.php?rest_route=\/wp\/v2\/pages"}],"about":[{"href":"https:\/\/www.sincovarsj.org.br\/index.php?rest_route=\/wp\/v2\/types\/page"}],"author":[{"embeddable":true,"href":"https:\/\/www.sincovarsj.org.br\/index.php?rest_route=\/wp\/v2\/users\/3"}],"replies":[{"embeddable":true,"href":"https:\/\/www.sincovarsj.org.br\/index.php?rest_route=%2Fwp%2Fv2%2Fcomments&post=368"}],"version-history":[{"count":57,"href":"https:\/\/www.sincovarsj.org.br\/index.php?rest_route=\/wp\/v2\/pages\/368\/revisions"}],"predecessor-version":[{"id":1790,"href":"https:\/\/www.sincovarsj.org.br\/index.php?rest_route=\/wp\/v2\/pages\/368\/revisions\/1790"}],"wp:attachment":[{"href":"https:\/\/www.sincovarsj.org.br\/index.php?rest_route=%2Fwp%2Fv2%2Fmedia&parent=368"}],"curies":[{"name":"wp","href":"https:\/\/api.w.org\/{rel}","templated":true}]}}