{"id":370,"date":"2015-08-17T14:00:35","date_gmt":"2015-08-17T17:00:35","guid":{"rendered":"http:\/\/www.sincovarsj.org.br\/?page_id=370"},"modified":"2025-11-24T09:45:29","modified_gmt":"2025-11-24T12:45:29","slug":"contribuicao","status":"publish","type":"page","link":"https:\/\/www.sincovarsj.org.br\/?page_id=370","title":{"rendered":"Contribui\u00e7\u00f5es"},"content":{"rendered":"<p><strong><span style=\"color: #ff6600;\"><span style=\"color: #ff0000;\">Emiss\u00e3o de 2\u00ba via da guia de contribui\u00e7\u00e3o: AQUI<\/span>\u00a0<span style=\"color: #ff0000;\">\u21d2<\/span> <span style=\"color: #0000ff;\"><a style=\"color: #0000ff;\" href=\"http:\/\/sincovar.sindis.com.br\/sindis\/pub\/process\/BoletoContribuicao\">CONTRIBUI\u00c7\u00d5ES SINDICAL \/ NEGOCIAL PATRO<\/a>NAL\u00a0 <span style=\"color: #ff0000;\">\u21d0<\/span><\/span><\/span><\/strong><\/p>\n<p><strong>CONTRIBUI\u00c7\u00c3O NEGOCIAL PATRONAL<\/strong><\/p>\n<p>Devida por todos os integrantes da categoria econ\u00f4mica, independentemente do regime tribut\u00e1rio, porte da empresa ou n\u00famero de empregados, prevista no artigo 8\u00ba, inciso IV, da Constitui\u00e7\u00e3o Federal e artigo 513 letra \u201ce\u201d da CLT, aprovada na Assembleia Geral realizada no dia 14 de agosto de 2025, deve ser recolhida ao SINCOVAR- SJ.<\/p>\n<p>Base de calculo: 4% (quatro por cento) do valor integral da folha de pagamento dos meses de Novembro 2025 e Julho 2026, respectivamente, observados o valor m\u00e1ximo de <strong>R$ 13.800,00 (treze mil e oitocentos reais) e m\u00ednimo de R$ 450,00 (quatrocentos e cinquenta reais)<\/strong>, inclusive para as empresas que n\u00e3o possuem empregados.<\/p>\n<p><strong>VENCIMENTO:<\/strong> At\u00e9 o dia 10 dos meses de dezembro 2025 e Agosto 2026.<\/p>\n","protected":false},"excerpt":{"rendered":"<p>Emiss\u00e3o de 2\u00ba via da guia de contribui\u00e7\u00e3o: AQUI\u00a0\u21d2 CONTRIBUI\u00c7\u00d5ES SINDICAL \/ NEGOCIAL PATRONAL\u00a0 \u21d0 CONTRIBUI\u00c7\u00c3O NEGOCIAL PATRONAL Devida por todos os integrantes da categoria econ\u00f4mica, independentemente do regime tribut\u00e1rio, porte da empresa ou n\u00famero de empregados, prevista no artigo 8\u00ba, inciso IV, da Constitui\u00e7\u00e3o Federal e artigo 513 letra \u201ce\u201d da CLT, aprovada na &#8230;<\/p>\n","protected":false},"author":3,"featured_media":0,"parent":0,"menu_order":0,"comment_status":"open","ping_status":"open","template":"full-width.php","meta":[],"_links":{"self":[{"href":"https:\/\/www.sincovarsj.org.br\/index.php?rest_route=\/wp\/v2\/pages\/370"}],"collection":[{"href":"https:\/\/www.sincovarsj.org.br\/index.php?rest_route=\/wp\/v2\/pages"}],"about":[{"href":"https:\/\/www.sincovarsj.org.br\/index.php?rest_route=\/wp\/v2\/types\/page"}],"author":[{"embeddable":true,"href":"https:\/\/www.sincovarsj.org.br\/index.php?rest_route=\/wp\/v2\/users\/3"}],"replies":[{"embeddable":true,"href":"https:\/\/www.sincovarsj.org.br\/index.php?rest_route=%2Fwp%2Fv2%2Fcomments&post=370"}],"version-history":[{"count":53,"href":"https:\/\/www.sincovarsj.org.br\/index.php?rest_route=\/wp\/v2\/pages\/370\/revisions"}],"predecessor-version":[{"id":1832,"href":"https:\/\/www.sincovarsj.org.br\/index.php?rest_route=\/wp\/v2\/pages\/370\/revisions\/1832"}],"wp:attachment":[{"href":"https:\/\/www.sincovarsj.org.br\/index.php?rest_route=%2Fwp%2Fv2%2Fmedia&parent=370"}],"curies":[{"name":"wp","href":"https:\/\/api.w.org\/{rel}","templated":true}]}}