{"id":590,"date":"2017-06-30T14:55:34","date_gmt":"2017-06-30T17:55:34","guid":{"rendered":"http:\/\/www.sincovarsj.org.br\/?page_id=590"},"modified":"2017-07-24T14:17:42","modified_gmt":"2017-07-24T17:17:42","slug":"convenios-de-educacao","status":"publish","type":"page","link":"https:\/\/www.sincovarsj.org.br\/?page_id=590","title":{"rendered":"Conv\u00eanios de Educa\u00e7\u00e3o \/ Cursos e Palestras"},"content":{"rendered":"<p>Pensando em desenvolver ainda mais a sua empresa e sua equipe profissional o <strong>SINCOVAR\/SJ firmou parceria com a AEMFLO e CDL-SJ<\/strong> e agora oferecem <strong>desconto de at\u00e9 40%<\/strong> em <strong>conv\u00eanios educacionais<\/strong> junto a <strong>faculdades, escolas de idiomas, col\u00e9gios, al\u00e9m de cursos e palestras oferecidos pela AEMFLO e CDL-SJ<\/strong>, para contribuintes do sindicato. <\/p>\n<p>Concess\u00e3o de Descontos Educacionais, clique <em><strong><a href=\"https:\/\/www.aemflo-cdlsj.org.br\/convenios-de-educacao\" target=\"_blank\">aqui<\/a><\/strong><\/em><\/p>\n<p>Agenda de Cursos e Palestras, clique <em><strong><a href=\"https:\/\/www.aemflo-cdlsj.org.br\/capacitacao\/\" target=\"_blank\">aqui<\/a><\/strong><\/em><\/p>\n<p><em><strong>Duvidas e Informa\u00e7\u00f5es &#8211; (48) 3047-0244<\/strong><\/em><\/p>\n","protected":false},"excerpt":{"rendered":"<p>Pensando em desenvolver ainda mais a sua empresa e sua equipe profissional o SINCOVAR\/SJ firmou parceria com a AEMFLO e CDL-SJ e agora oferecem desconto de at\u00e9 40% em conv\u00eanios educacionais junto a faculdades, escolas de idiomas, col\u00e9gios, al\u00e9m de cursos e palestras oferecidos pela AEMFLO e CDL-SJ, para contribuintes do sindicato. Concess\u00e3o de Descontos &#8230;<\/p>\n","protected":false},"author":2,"featured_media":0,"parent":0,"menu_order":0,"comment_status":"closed","ping_status":"closed","template":"full-width.php","meta":[],"_links":{"self":[{"href":"https:\/\/www.sincovarsj.org.br\/index.php?rest_route=\/wp\/v2\/pages\/590"}],"collection":[{"href":"https:\/\/www.sincovarsj.org.br\/index.php?rest_route=\/wp\/v2\/pages"}],"about":[{"href":"https:\/\/www.sincovarsj.org.br\/index.php?rest_route=\/wp\/v2\/types\/page"}],"author":[{"embeddable":true,"href":"https:\/\/www.sincovarsj.org.br\/index.php?rest_route=\/wp\/v2\/users\/2"}],"replies":[{"embeddable":true,"href":"https:\/\/www.sincovarsj.org.br\/index.php?rest_route=%2Fwp%2Fv2%2Fcomments&post=590"}],"version-history":[{"count":18,"href":"https:\/\/www.sincovarsj.org.br\/index.php?rest_route=\/wp\/v2\/pages\/590\/revisions"}],"predecessor-version":[{"id":617,"href":"https:\/\/www.sincovarsj.org.br\/index.php?rest_route=\/wp\/v2\/pages\/590\/revisions\/617"}],"wp:attachment":[{"href":"https:\/\/www.sincovarsj.org.br\/index.php?rest_route=%2Fwp%2Fv2%2Fmedia&parent=590"}],"curies":[{"name":"wp","href":"https:\/\/api.w.org\/{rel}","templated":true}]}}