{"id":596,"date":"2017-06-30T15:07:38","date_gmt":"2017-06-30T18:07:38","guid":{"rendered":"http:\/\/www.sincovarsj.org.br\/?page_id=596"},"modified":"2017-08-09T16:39:39","modified_gmt":"2017-08-09T19:39:39","slug":"convenios-de-saude","status":"publish","type":"page","link":"https:\/\/www.sincovarsj.org.br\/?page_id=596","title":{"rendered":"Conv\u00eanio Clinica S\u00e3o Luiz"},"content":{"rendered":"<p>O Sincovar -SJ <strong>Sindicato do Comercio Varejista de S\u00e3o Jos\u00e9\/SC<\/strong>, firma parceria com a <strong>Clinica S\u00e3o Luiz<\/strong> para atender as <strong>empresas de sua categoria, seus colaboradores e dependentes legais<\/strong>, no atendimento de <strong>especialidades medicas e de medicina  e seguran\u00e7a do trabalho<\/strong>.<\/p>\n<p><strong>Duvidas e Informa\u00e7\u00f5es \u2013 (48) 3047-0244<\/strong><br \/>\n<strong>Site: <a href=\"http:\/\/www.clinicasaoluiz.com.br\/index.html\" target=\"_blank\">Clinica S\u00e3o Luiz<\/a><\/strong><\/p>\n","protected":false},"excerpt":{"rendered":"<p>O Sincovar -SJ Sindicato do Comercio Varejista de S\u00e3o Jos\u00e9\/SC, firma parceria com a Clinica S\u00e3o Luiz para atender as empresas de sua categoria, seus colaboradores e dependentes legais, no atendimento de especialidades medicas e de medicina e seguran\u00e7a do trabalho. Duvidas e Informa\u00e7\u00f5es \u2013 (48) 3047-0244 Site: Clinica S\u00e3o Luiz<\/p>\n","protected":false},"author":2,"featured_media":0,"parent":0,"menu_order":0,"comment_status":"closed","ping_status":"closed","template":"full-width.php","meta":[],"_links":{"self":[{"href":"https:\/\/www.sincovarsj.org.br\/index.php?rest_route=\/wp\/v2\/pages\/596"}],"collection":[{"href":"https:\/\/www.sincovarsj.org.br\/index.php?rest_route=\/wp\/v2\/pages"}],"about":[{"href":"https:\/\/www.sincovarsj.org.br\/index.php?rest_route=\/wp\/v2\/types\/page"}],"author":[{"embeddable":true,"href":"https:\/\/www.sincovarsj.org.br\/index.php?rest_route=\/wp\/v2\/users\/2"}],"replies":[{"embeddable":true,"href":"https:\/\/www.sincovarsj.org.br\/index.php?rest_route=%2Fwp%2Fv2%2Fcomments&post=596"}],"version-history":[{"count":8,"href":"https:\/\/www.sincovarsj.org.br\/index.php?rest_route=\/wp\/v2\/pages\/596\/revisions"}],"predecessor-version":[{"id":637,"href":"https:\/\/www.sincovarsj.org.br\/index.php?rest_route=\/wp\/v2\/pages\/596\/revisions\/637"}],"wp:attachment":[{"href":"https:\/\/www.sincovarsj.org.br\/index.php?rest_route=%2Fwp%2Fv2%2Fmedia&parent=596"}],"curies":[{"name":"wp","href":"https:\/\/api.w.org\/{rel}","templated":true}]}}