{"id":645,"date":"2017-08-09T17:06:27","date_gmt":"2017-08-09T20:06:27","guid":{"rendered":"http:\/\/www.sincovarsj.org.br\/?page_id=645"},"modified":"2017-08-09T17:28:58","modified_gmt":"2017-08-09T20:28:58","slug":"convenio-sesi","status":"publish","type":"page","link":"https:\/\/www.sincovarsj.org.br\/?page_id=645","title":{"rendered":"Conv\u00eanio SESI"},"content":{"rendered":"<p>Comunicamos que, fechamos parceria com o <strong>SESI \u2013 Servi\u00e7o Social da Ind\u00fastria<\/strong>, para elabora\u00e7\u00e3o dos laudos de Sa\u00fade e Seguran\u00e7a do Trabalho \u2013 SST (LTCAT, PPRA e PCMSO).<br \/>\nSalientamos que tais laudos <strong>s\u00e3o de elabora\u00e7\u00e3o obrigat\u00f3ria para empresas a partir de 01 funcion\u00e1rio e devem ser renovados anualmente conforme preconiza o Minist\u00e9rio do Trabalho.<\/strong><\/p>\n<p>Aos associados do Sincovar-SJ, o SESI disponibilizou <strong>PRE\u00c7OS<\/strong> diferenciados e atrativos.<br \/>\nPe\u00e7a seu or\u00e7amento, basta efetuar o download do arquivo <strong>Guia de Solicita\u00e7\u00e3o de Or\u00e7amento de Servi\u00e7os de Sa\u00fade e Seguran\u00e7a no Trabalho<\/strong>, e nos enviar por e-mail: <span style=\"color: #0000ff;\">sincovarsj@gmail.com<\/span> \/ <span style=\"color: #0000ff;\">secretaria@sincovarsj.org.br<\/span><\/p>\n<p><strong>Duvidas e informa\u00e7\u00f5es no telefone: (48) 3047-0244<strong><\/p>\n<li><a href=\"http:\/\/www.sincovarsj.org.br\/wp-content\/uploads\/2017\/08\/00-Guia-de-Solicita\u00e7\u00e3o-2.docx\"><strong><em>Arquivo para Download &#8211; Guia de  de Or\u00e7amento de Servi\u00e7os de Sa\u00fade e Seguran\u00e7a no Trabalho<\/strong><\/em><\/a><\/li>\n","protected":false},"excerpt":{"rendered":"<p>Comunicamos que, fechamos parceria com o SESI \u2013 Servi\u00e7o Social da Ind\u00fastria, para elabora\u00e7\u00e3o dos laudos de Sa\u00fade e Seguran\u00e7a do Trabalho \u2013 SST (LTCAT, PPRA e PCMSO). Salientamos que tais laudos s\u00e3o de elabora\u00e7\u00e3o obrigat\u00f3ria para empresas a partir de 01 funcion\u00e1rio e devem ser renovados anualmente conforme preconiza o Minist\u00e9rio do Trabalho. Aos &#8230;<\/p>\n","protected":false},"author":2,"featured_media":0,"parent":0,"menu_order":0,"comment_status":"closed","ping_status":"closed","template":"","meta":[],"_links":{"self":[{"href":"https:\/\/www.sincovarsj.org.br\/index.php?rest_route=\/wp\/v2\/pages\/645"}],"collection":[{"href":"https:\/\/www.sincovarsj.org.br\/index.php?rest_route=\/wp\/v2\/pages"}],"about":[{"href":"https:\/\/www.sincovarsj.org.br\/index.php?rest_route=\/wp\/v2\/types\/page"}],"author":[{"embeddable":true,"href":"https:\/\/www.sincovarsj.org.br\/index.php?rest_route=\/wp\/v2\/users\/2"}],"replies":[{"embeddable":true,"href":"https:\/\/www.sincovarsj.org.br\/index.php?rest_route=%2Fwp%2Fv2%2Fcomments&post=645"}],"version-history":[{"count":13,"href":"https:\/\/www.sincovarsj.org.br\/index.php?rest_route=\/wp\/v2\/pages\/645\/revisions"}],"predecessor-version":[{"id":664,"href":"https:\/\/www.sincovarsj.org.br\/index.php?rest_route=\/wp\/v2\/pages\/645\/revisions\/664"}],"wp:attachment":[{"href":"https:\/\/www.sincovarsj.org.br\/index.php?rest_route=%2Fwp%2Fv2%2Fmedia&parent=645"}],"curies":[{"name":"wp","href":"https:\/\/api.w.org\/{rel}","templated":true}]}}